{"id":7807,"date":"2023-06-03T03:08:47","date_gmt":"2023-06-03T06:08:47","guid":{"rendered":"https:\/\/publifan.com.ar\/?post_type=product&#038;p=7807"},"modified":"2023-09-19T15:32:38","modified_gmt":"2023-09-19T18:32:38","slug":"boligrafos-personalizados","status":"publish","type":"product","link":"https:\/\/publifan.com.ar\/index.php\/producto\/boligrafos-personalizados\/","title":{"rendered":"Boligrafos Personalizados"},"content":{"rendered":"<p><strong>Bol\u00edgrafos personalizados publicitarios estampados con su logo, econ\u00f3micos y de calidad.<\/strong><\/p>\n<p>Tenemos distintos bol\u00edgrafos publicitarios baratos pero de calidad desde el m\u00e1s simple al m\u00e1s original, de distintos materiales, bol\u00edgrafos met\u00e1licos, de pl\u00e1stico.<\/p>\n","protected":false},"excerpt":{"rendered":"<p><strong>&#8211; 25 unidades impresas\u00a0 con tu logo<br \/>\n&#8211; Impresi\u00f3n a 1 y 2 tintas<br \/>\n&#8211; Consulte cotizaci\u00f3n por cantidades mayores<\/strong><\/p>\n<p>(Venta m\u00ednima 25 un.)<\/p>\n","protected":false},"featured_media":7821,"comment_status":"open","ping_status":"closed","template":"","meta":[],"product_brand":[],"product_cat":[152],"product_tag":[],"class_list":{"0":"post-7807","1":"product","2":"type-product","3":"status-publish","4":"has-post-thumbnail","6":"product_cat-lapiceras","8":"first","9":"instock","10":"shipping-taxable","11":"purchasable","12":"product-type-simple"},"jetpack_sharing_enabled":true,"_links":{"self":[{"href":"https:\/\/publifan.com.ar\/index.php\/wp-json\/wp\/v2\/product\/7807","targetHints":{"allow":["GET"]}}],"collection":[{"href":"https:\/\/publifan.com.ar\/index.php\/wp-json\/wp\/v2\/product"}],"about":[{"href":"https:\/\/publifan.com.ar\/index.php\/wp-json\/wp\/v2\/types\/product"}],"replies":[{"embeddable":true,"href":"https:\/\/publifan.com.ar\/index.php\/wp-json\/wp\/v2\/comments?post=7807"}],"wp:featuredmedia":[{"embeddable":true,"href":"https:\/\/publifan.com.ar\/index.php\/wp-json\/wp\/v2\/media\/7821"}],"wp:attachment":[{"href":"https:\/\/publifan.com.ar\/index.php\/wp-json\/wp\/v2\/media?parent=7807"}],"wp:term":[{"taxonomy":"product_brand","embeddable":true,"href":"https:\/\/publifan.com.ar\/index.php\/wp-json\/wp\/v2\/product_brand?post=7807"},{"taxonomy":"product_cat","embeddable":true,"href":"https:\/\/publifan.com.ar\/index.php\/wp-json\/wp\/v2\/product_cat?post=7807"},{"taxonomy":"product_tag","embeddable":true,"href":"https:\/\/publifan.com.ar\/index.php\/wp-json\/wp\/v2\/product_tag?post=7807"}],"curies":[{"name":"wp","href":"https:\/\/api.w.org\/{rel}","templated":true}]}}